{"id":24,"date":"2018-06-27T01:52:19","date_gmt":"2018-06-27T04:52:19","guid":{"rendered":"http:\/\/financasok.com.br\/wp\/?page_id=24"},"modified":"2018-06-29T01:31:19","modified_gmt":"2018-06-29T04:31:19","slug":"politica-de-privacidade","status":"publish","type":"page","link":"https:\/\/www.financasok.com.br\/wp\/politica-de-privacidade\/","title":{"rendered":"Pol\u00edtica de Privacidade Aplicativo"},"content":{"rendered":"<p>&nbsp;<\/p>\n<h2>Aplicativo Finan\u00e7as Ok<\/h2>\n<p>&nbsp;<\/p>\n<p style=\"color: #000000; font-family: 'Helvetica Neue', Helvetica, Arial, sans-serif; font-size: medium; text-align: justify;\">O aplicativo Finan\u00e7as Ok foi construido como um aplicativo gratuito. Este SERVI\u00c7O \u00e9 fornecido sem nenhum custo e destina-se a ser usado como est\u00e1.<\/p>\n<p style=\"color: #000000; font-family: 'Helvetica Neue', Helvetica, Arial, sans-serif; font-size: medium; text-align: justify;\">Esta p\u00e1gina \u00e9 usada para informar os visitantes sobre minhas pol\u00edticas com a coleta, uso e divulga\u00e7\u00e3o de Informa\u00e7\u00f5es Pessoais se algu\u00e9m decidiu usar meu Servi\u00e7o.<\/p>\n<p style=\"color: #000000; font-family: 'Helvetica Neue', Helvetica, Arial, sans-serif; font-size: medium; text-align: justify;\">Se voc\u00ea optar por usar o meu Servi\u00e7o, voc\u00ea concorda com a coleta e uso de informa\u00e7\u00f5es em rela\u00e7\u00e3o a esta pol\u00edtica. As informa\u00e7\u00f5es pessoais que eu coleciono s\u00e3o usadas para fornecer e melhorar o servi\u00e7o. N\u00e3o usarei nem compartilharei suas informa\u00e7\u00f5es com ningu\u00e9m, conforme descrito nesta Pol\u00edtica de Privacidade.<\/p>\n<p>&nbsp;<\/p>\n<p style=\"color: #000000; font-family: 'Helvetica Neue', Helvetica, Arial, sans-serif; font-size: medium;\"><strong>Coleta e uso de informa\u00e7\u00f5es<\/strong><\/p>\n<p style=\"color: #000000; font-family: 'Helvetica Neue', Helvetica, Arial, sans-serif; font-size: medium;\">O aplicativo usa servi\u00e7os de terceiros que podem coletar informa\u00e7\u00f5es usadas para identific\u00e1-lo.<\/p>\n<div style=\"color: #000000; font-family: 'Helvetica Neue', Helvetica, Arial, sans-serif; font-size: medium;\">\n<p>Link para a pol\u00edtica de privacidade dos provedores de servi\u00e7os terceirizados usados \u200b\u200bpelo aplicativo<\/p>\n<ul>\n<li><a href=\"https:\/\/support.google.com\/admob\/answer\/6128543?hl=en\" target=\"_blank\" rel=\"noopener noreferrer\">Google AdMob<\/a><\/li>\n<li><a href=\"https:\/\/support.google.com\/analytics\/answer\/2700409?hl=en\" target=\"_blank\" rel=\"noopener noreferrer\">Google Analytics<\/a><\/li>\n<\/ul>\n<\/div>\n<p style=\"color: #000000; font-family: 'Helvetica Neue', Helvetica, Arial, sans-serif; font-size: medium;\"><strong>Dados de registro<\/strong><\/p>\n<p style=\"color: #000000; font-family: 'Helvetica Neue', Helvetica, Arial, sans-serif; font-size: medium; text-align: justify;\">Quero inform\u00e1-lo de que, sempre que usar o meu Servi\u00e7o, em caso de erro no aplicativo, colete dados e informa\u00e7\u00f5es (atrav\u00e9s de produtos de terceiros) em seu telefone chamado Log Data. Esses dados do registro podem incluir informa\u00e7\u00f5es como o endere\u00e7o do seu dispositivo, o nome do dispositivo, a vers\u00e3o do sistema operacional, a configura\u00e7\u00e3o do aplicativo quando utilizar o meu servi\u00e7o, a hora e a data do uso do servi\u00e7o e outras estat\u00edsticas.<\/p>\n<p>&nbsp;<\/p>\n<p style=\"color: #000000; font-family: 'Helvetica Neue', Helvetica, Arial, sans-serif; font-size: medium;\"><strong>Seguran\u00e7a<\/strong><\/p>\n<p style=\"color: #000000; font-family: 'Helvetica Neue', Helvetica, Arial, sans-serif; font-size: medium; text-align: justify;\">Eu valorizo \u200b\u200bsua confian\u00e7a em nos fornecer suas informa\u00e7\u00f5es, nenhuma informa\u00e7\u00e3o\u00a0\u00e9\u00a0compartilhada\u00a0com\u00a0outras\u00a0pessoas.\u00a0Todos\u00a0os\u00a0dados\u00a0do usu\u00e1rio\u00a0s\u00e3o\u00a0armazenados\u00a0no\u00a0pr\u00f3prio\u00a0aparelho.<\/p>\n<p style=\"color: #000000; font-family: 'Helvetica Neue', Helvetica, Arial, sans-serif; font-size: medium;\">O servi\u00e7o de backup(vers\u00e3o Pro) \u00e9 realizado em nuvem, esses\u00a0dados\u00a0s\u00e3o\u00a0de\u00a0uso\u00a0exclusivo\u00a0do\u00a0meu Servi\u00e7o.<\/p>\n<p style=\"color: #000000; font-family: 'Helvetica Neue', Helvetica, Arial, sans-serif; font-size: medium;\">Todas as permiss\u00f5es\u00a0de\u00a0acesso ao dispositivo\u00a0solicitada\u00a0pelo\u00a0meu servi\u00e7o\u00a0s\u00e3o\u00a0utilizadas\u00a0para funcionalidades\u00a0da\u00a0pr\u00f3pria\u00a0aplica\u00e7\u00e3o.\u00a0Abaixo\u00a0est\u00e3o descritas\u00a0as\u00a0permiss\u00f5es\u00a0solicitadas:<\/p>\n<p style=\"color: #000000; font-family: 'Helvetica Neue', Helvetica, Arial, sans-serif; font-size: medium;\"><strong>Principais permiss\u00f5es<\/strong><\/p>\n<p style=\"color: #000000; font-family: 'Helvetica Neue', Helvetica, Arial, sans-serif; font-size: medium;\"><em>Fotos\/m\u00eddia\/arquivos e Armazenamento:<\/em>\u200b Necess\u00e1rio\u00a0para\u00a0salvar arquivos e dados na\u00a0mem\u00f3ria\u00a0interna\u00a0do aparelho, compartilhamento de relat\u00f3rios.<\/p>\n<p style=\"color: #000000; font-family: 'Helvetica Neue', Helvetica, Arial, sans-serif; font-size: medium;\"><em>Internet:<\/em>\u200b Utilizada para cota\u00e7\u00f5es de moedas, busca de ofertas de produtos, backup, compartilhamento e banner publicit\u00e1rios.<\/p>\n<p style=\"color: #000000; font-family: 'Helvetica Neue', Helvetica, Arial, sans-serif; font-size: medium;\"><em>Modo suspens\u00e3o:<\/em>\u00a0Permite que o servi\u00e7o n\u00e3o seja encerrado quando enviado para segundo plano, assim agilizando seu uso no dia-a-dia.<\/p>\n<p>&nbsp;<\/p>\n<p style=\"color: #000000; font-family: 'Helvetica Neue', Helvetica, Arial, sans-serif; font-size: medium;\"><strong>Links para outros sites<\/strong><\/p>\n<p style=\"color: #000000; font-family: 'Helvetica Neue', Helvetica, Arial, sans-serif; font-size: medium;\">Este servi\u00e7o pode conter links para outros sites. Se voc\u00ea clicar em um link de terceiros, voc\u00ea ser\u00e1 direcionado para esse site. Observe que esses sites externos n\u00e3o s\u00e3o operados por mim. Portanto, eu recomendo que voc\u00ea analise a Pol\u00edtica de privacidade desses sites. Eu n\u00e3o tenho controle e n\u00e3o assumir nenhuma responsabilidade pelo conte\u00fado, pol\u00edticas de privacidade ou pr\u00e1ticas de sites ou servi\u00e7os de terceiros.<\/p>\n<p>&nbsp;<\/p>\n<p style=\"color: #000000; font-family: 'Helvetica Neue', Helvetica, Arial, sans-serif; font-size: medium;\"><strong>Altera\u00e7\u00f5es a Esta Pol\u00edtica de Privacidade<\/strong><\/p>\n<p style=\"color: #000000; font-family: 'Helvetica Neue', Helvetica, Arial, sans-serif; font-size: medium;\">Posso atualizar nossa Pol\u00edtica de Privacidade de tempos em tempos. Assim, \u00e9 aconselh\u00e1vel rever esta p\u00e1gina periodicamente para quaisquer altera\u00e7\u00f5es. Vou avis\u00e1-lo de quaisquer altera\u00e7\u00f5es publicando a nova Pol\u00edtica de Privacidade nesta p\u00e1gina. Essas mudan\u00e7as s\u00e3o efetivas imediatamente ap\u00f3s serem publicadas nesta p\u00e1gina.<\/p>\n<p>&nbsp;<\/p>\n<p style=\"color: #000000; font-family: 'Helvetica Neue', Helvetica, Arial, sans-serif; font-size: medium;\"><strong>Contate-nos<\/strong><\/p>\n<p style=\"color: #000000; font-family: 'Helvetica Neue', Helvetica, Arial, sans-serif; font-size: medium;\">Se voc\u00ea tiver d\u00favidas ou sugest\u00f5es sobre minha Pol\u00edtica de Privacidade, n\u00e3o hesite em\u00a0<a href=\"mailto:suporte@financasok.com.br\" target=\"_blank\" rel=\"noopener noreferrer\">contactar-me.<\/a><\/p>\n","protected":false},"excerpt":{"rendered":"<p>&nbsp; Aplicativo Finan\u00e7as Ok &nbsp; O aplicativo Finan\u00e7as Ok foi construido como um aplicativo gratuito. Este SERVI\u00c7O \u00e9 fornecido sem [&hellip;]<\/p>\n","protected":false},"author":1,"featured_media":0,"parent":0,"menu_order":3,"comment_status":"closed","ping_status":"closed","template":"","meta":{"site-sidebar-layout":"default","site-content-layout":"","ast-site-content-layout":"default","site-content-style":"default","site-sidebar-style":"default","ast-global-header-display":"","ast-banner-title-visibility":"","ast-main-header-display":"","ast-hfb-above-header-display":"","ast-hfb-below-header-display":"","ast-hfb-mobile-header-display":"","site-post-title":"","ast-breadcrumbs-content":"","ast-featured-img":"","footer-sml-layout":"","ast-disable-related-posts":"","theme-transparent-header-meta":"","adv-header-id-meta":"","stick-header-meta":"","header-above-stick-meta":"","header-main-stick-meta":"","header-below-stick-meta":"","astra-migrate-meta-layouts":"default","ast-page-background-enabled":"default","ast-page-background-meta":{"desktop":{"background-color":"var(--ast-global-color-5)","background-image":"","background-repeat":"repeat","background-position":"center center","background-size":"auto","background-attachment":"scroll","background-type":"","background-media":"","overlay-type":"","overlay-color":"","overlay-opacity":"","overlay-gradient":""},"tablet":{"background-color":"","background-image":"","background-repeat":"repeat","background-position":"center center","background-size":"auto","background-attachment":"scroll","background-type":"","background-media":"","overlay-type":"","overlay-color":"","overlay-opacity":"","overlay-gradient":""},"mobile":{"background-color":"","background-image":"","background-repeat":"repeat","background-position":"center center","background-size":"auto","background-attachment":"scroll","background-type":"","background-media":"","overlay-type":"","overlay-color":"","overlay-opacity":"","overlay-gradient":""}},"ast-content-background-meta":{"desktop":{"background-color":"var(--ast-global-color-4)","background-image":"","background-repeat":"repeat","background-position":"center center","background-size":"auto","background-attachment":"scroll","background-type":"","background-media":"","overlay-type":"","overlay-color":"","overlay-opacity":"","overlay-gradient":""},"tablet":{"background-color":"var(--ast-global-color-4)","background-image":"","background-repeat":"repeat","background-position":"center center","background-size":"auto","background-attachment":"scroll","background-type":"","background-media":"","overlay-type":"","overlay-color":"","overlay-opacity":"","overlay-gradient":""},"mobile":{"background-color":"var(--ast-global-color-4)","background-image":"","background-repeat":"repeat","background-position":"center center","background-size":"auto","background-attachment":"scroll","background-type":"","background-media":"","overlay-type":"","overlay-color":"","overlay-opacity":"","overlay-gradient":""}},"footnotes":""},"class_list":["post-24","page","type-page","status-publish","hentry"],"yoast_head":"<!-- This site is optimized with the Yoast SEO plugin v27.3 - https:\/\/yoast.com\/product\/yoast-seo-wordpress\/ -->\n<title>Pol\u00edtica de Privacidade Aplicativo | Finan\u00e7as<\/title>\n<meta name=\"robots\" content=\"index, follow, max-snippet:-1, max-image-preview:large, max-video-preview:-1\" \/>\n<link rel=\"canonical\" href=\"https:\/\/www.financasok.com.br\/wp\/politica-de-privacidade\/\" \/>\n<meta name=\"twitter:card\" content=\"summary_large_image\" \/>\n<meta name=\"twitter:title\" content=\"Pol\u00edtica de Privacidade Aplicativo | Finan\u00e7as\" \/>\n<meta name=\"twitter:description\" content=\"&nbsp; Aplicativo Finan\u00e7as Ok &nbsp; O aplicativo Finan\u00e7as Ok foi construido como um aplicativo gratuito. Este SERVI\u00c7O \u00e9 fornecido sem [&hellip;]\" \/>\n<meta name=\"twitter:label1\" content=\"Est. tempo de leitura\" \/>\n\t<meta name=\"twitter:data1\" content=\"3 minutos\" \/>\n<script type=\"application\/ld+json\" class=\"yoast-schema-graph\">{\"@context\":\"https:\\\/\\\/schema.org\",\"@graph\":[{\"@type\":\"WebPage\",\"@id\":\"https:\\\/\\\/www.financasok.com.br\\\/wp\\\/politica-de-privacidade\\\/\",\"url\":\"https:\\\/\\\/www.financasok.com.br\\\/wp\\\/politica-de-privacidade\\\/\",\"name\":\"Pol\u00edtica de Privacidade Aplicativo | Finan\u00e7as\",\"isPartOf\":{\"@id\":\"https:\\\/\\\/www.financasok.com.br\\\/wp\\\/#website\"},\"datePublished\":\"2018-06-27T04:52:19+00:00\",\"dateModified\":\"2018-06-29T04:31:19+00:00\",\"breadcrumb\":{\"@id\":\"https:\\\/\\\/www.financasok.com.br\\\/wp\\\/politica-de-privacidade\\\/#breadcrumb\"},\"inLanguage\":\"pt-BR\",\"potentialAction\":[{\"@type\":\"ReadAction\",\"target\":[\"https:\\\/\\\/www.financasok.com.br\\\/wp\\\/politica-de-privacidade\\\/\"]}]},{\"@type\":\"BreadcrumbList\",\"@id\":\"https:\\\/\\\/www.financasok.com.br\\\/wp\\\/politica-de-privacidade\\\/#breadcrumb\",\"itemListElement\":[{\"@type\":\"ListItem\",\"position\":1,\"name\":\"In\u00edcio\",\"item\":\"https:\\\/\\\/www.financasok.com.br\\\/wp\\\/\"},{\"@type\":\"ListItem\",\"position\":2,\"name\":\"Pol\u00edtica de Privacidade Aplicativo\"}]},{\"@type\":\"WebSite\",\"@id\":\"https:\\\/\\\/www.financasok.com.br\\\/wp\\\/#website\",\"url\":\"https:\\\/\\\/www.financasok.com.br\\\/wp\\\/\",\"name\":\"Finan\u00e7as Ok\",\"description\":\"Seu radar di\u00e1rio de economia, c\u00e2mbio e investimentos. Claro, pr\u00e1tico, imparcial e direto ao ponto.\",\"publisher\":{\"@id\":\"https:\\\/\\\/www.financasok.com.br\\\/wp\\\/#\\\/schema\\\/person\\\/c82f388494da81154ad9585dae55b952\"},\"potentialAction\":[{\"@type\":\"SearchAction\",\"target\":{\"@type\":\"EntryPoint\",\"urlTemplate\":\"https:\\\/\\\/www.financasok.com.br\\\/wp\\\/?s={search_term_string}\"},\"query-input\":{\"@type\":\"PropertyValueSpecification\",\"valueRequired\":true,\"valueName\":\"search_term_string\"}}],\"inLanguage\":\"pt-BR\"},{\"@type\":[\"Person\",\"Organization\"],\"@id\":\"https:\\\/\\\/www.financasok.com.br\\\/wp\\\/#\\\/schema\\\/person\\\/c82f388494da81154ad9585dae55b952\",\"name\":\"Reda\u00e7\u00e3o\",\"image\":{\"@type\":\"ImageObject\",\"inLanguage\":\"pt-BR\",\"@id\":\"https:\\\/\\\/www.financasok.com.br\\\/wp\\\/wp-content\\\/uploads\\\/2025\\\/10\\\/cropped-deixe_apenas_o_logo_retire_a_palavra.jpeg\",\"url\":\"https:\\\/\\\/www.financasok.com.br\\\/wp\\\/wp-content\\\/uploads\\\/2025\\\/10\\\/cropped-deixe_apenas_o_logo_retire_a_palavra.jpeg\",\"contentUrl\":\"https:\\\/\\\/www.financasok.com.br\\\/wp\\\/wp-content\\\/uploads\\\/2025\\\/10\\\/cropped-deixe_apenas_o_logo_retire_a_palavra.jpeg\",\"width\":1088,\"height\":900,\"caption\":\"Reda\u00e7\u00e3o\"},\"logo\":{\"@id\":\"https:\\\/\\\/www.financasok.com.br\\\/wp\\\/wp-content\\\/uploads\\\/2025\\\/10\\\/cropped-deixe_apenas_o_logo_retire_a_palavra.jpeg\"}}]}<\/script>\n<!-- \/ Yoast SEO plugin. -->","yoast_head_json":{"title":"Pol\u00edtica de Privacidade Aplicativo | Finan\u00e7as","robots":{"index":"index","follow":"follow","max-snippet":"max-snippet:-1","max-image-preview":"max-image-preview:large","max-video-preview":"max-video-preview:-1"},"canonical":"https:\/\/www.financasok.com.br\/wp\/politica-de-privacidade\/","twitter_card":"summary_large_image","twitter_title":"Pol\u00edtica de Privacidade Aplicativo | Finan\u00e7as","twitter_description":"&nbsp; Aplicativo Finan\u00e7as Ok &nbsp; O aplicativo Finan\u00e7as Ok foi construido como um aplicativo gratuito. Este SERVI\u00c7O \u00e9 fornecido sem [&hellip;]","twitter_misc":{"Est. tempo de leitura":"3 minutos"},"schema":{"@context":"https:\/\/schema.org","@graph":[{"@type":"WebPage","@id":"https:\/\/www.financasok.com.br\/wp\/politica-de-privacidade\/","url":"https:\/\/www.financasok.com.br\/wp\/politica-de-privacidade\/","name":"Pol\u00edtica de Privacidade Aplicativo | Finan\u00e7as","isPartOf":{"@id":"https:\/\/www.financasok.com.br\/wp\/#website"},"datePublished":"2018-06-27T04:52:19+00:00","dateModified":"2018-06-29T04:31:19+00:00","breadcrumb":{"@id":"https:\/\/www.financasok.com.br\/wp\/politica-de-privacidade\/#breadcrumb"},"inLanguage":"pt-BR","potentialAction":[{"@type":"ReadAction","target":["https:\/\/www.financasok.com.br\/wp\/politica-de-privacidade\/"]}]},{"@type":"BreadcrumbList","@id":"https:\/\/www.financasok.com.br\/wp\/politica-de-privacidade\/#breadcrumb","itemListElement":[{"@type":"ListItem","position":1,"name":"In\u00edcio","item":"https:\/\/www.financasok.com.br\/wp\/"},{"@type":"ListItem","position":2,"name":"Pol\u00edtica de Privacidade Aplicativo"}]},{"@type":"WebSite","@id":"https:\/\/www.financasok.com.br\/wp\/#website","url":"https:\/\/www.financasok.com.br\/wp\/","name":"Finan\u00e7as Ok","description":"Seu radar di\u00e1rio de economia, c\u00e2mbio e investimentos. Claro, pr\u00e1tico, imparcial e direto ao ponto.","publisher":{"@id":"https:\/\/www.financasok.com.br\/wp\/#\/schema\/person\/c82f388494da81154ad9585dae55b952"},"potentialAction":[{"@type":"SearchAction","target":{"@type":"EntryPoint","urlTemplate":"https:\/\/www.financasok.com.br\/wp\/?s={search_term_string}"},"query-input":{"@type":"PropertyValueSpecification","valueRequired":true,"valueName":"search_term_string"}}],"inLanguage":"pt-BR"},{"@type":["Person","Organization"],"@id":"https:\/\/www.financasok.com.br\/wp\/#\/schema\/person\/c82f388494da81154ad9585dae55b952","name":"Reda\u00e7\u00e3o","image":{"@type":"ImageObject","inLanguage":"pt-BR","@id":"https:\/\/www.financasok.com.br\/wp\/wp-content\/uploads\/2025\/10\/cropped-deixe_apenas_o_logo_retire_a_palavra.jpeg","url":"https:\/\/www.financasok.com.br\/wp\/wp-content\/uploads\/2025\/10\/cropped-deixe_apenas_o_logo_retire_a_palavra.jpeg","contentUrl":"https:\/\/www.financasok.com.br\/wp\/wp-content\/uploads\/2025\/10\/cropped-deixe_apenas_o_logo_retire_a_palavra.jpeg","width":1088,"height":900,"caption":"Reda\u00e7\u00e3o"},"logo":{"@id":"https:\/\/www.financasok.com.br\/wp\/wp-content\/uploads\/2025\/10\/cropped-deixe_apenas_o_logo_retire_a_palavra.jpeg"}}]}},"jetpack_sharing_enabled":false,"_links":{"self":[{"href":"https:\/\/www.financasok.com.br\/wp\/wp-json\/wp\/v2\/pages\/24","targetHints":{"allow":["GET"]}}],"collection":[{"href":"https:\/\/www.financasok.com.br\/wp\/wp-json\/wp\/v2\/pages"}],"about":[{"href":"https:\/\/www.financasok.com.br\/wp\/wp-json\/wp\/v2\/types\/page"}],"author":[{"embeddable":true,"href":"https:\/\/www.financasok.com.br\/wp\/wp-json\/wp\/v2\/users\/1"}],"replies":[{"embeddable":true,"href":"https:\/\/www.financasok.com.br\/wp\/wp-json\/wp\/v2\/comments?post=24"}],"version-history":[{"count":0,"href":"https:\/\/www.financasok.com.br\/wp\/wp-json\/wp\/v2\/pages\/24\/revisions"}],"wp:attachment":[{"href":"https:\/\/www.financasok.com.br\/wp\/wp-json\/wp\/v2\/media?parent=24"}],"curies":[{"name":"wp","href":"https:\/\/api.w.org\/{rel}","templated":true}]}}